{"id":4409,"date":"2024-02-08T11:36:11","date_gmt":"2024-02-08T11:36:11","guid":{"rendered":"https:\/\/rainbowthemes.net\/themes\/histudy\/?page_id=4409"},"modified":"2026-01-06T20:56:16","modified_gmt":"2026-01-06T19:56:16","slug":"domaines-dactivite","status":"publish","type":"page","link":"https:\/\/qsm-consulting.ma\/fr\/domaines-dactivite\/","title":{"rendered":"Domaines d\u2019activit\u00e9"},"content":{"rendered":"\t\t<div data-elementor-type=\"wp-page\" data-elementor-id=\"4409\" class=\"elementor elementor-4409\" data-elementor-post-type=\"page\">\n\t\t\t\t<div class=\"elementor-element elementor-element-cdba6a7 e-flex e-con-boxed wpr-particle-no wpr-jarallax-no wpr-parallax-no wpr-sticky-section-no e-con e-parent\" data-id=\"cdba6a7\" data-element_type=\"container\">\n\t\t\t\t\t<div class=\"e-con-inner\">\n\t\t<div class=\"elementor-element elementor-element-c8337b1 e-con-full e-flex wpr-particle-no wpr-jarallax-no wpr-parallax-no wpr-sticky-section-no e-con e-child\" data-id=\"c8337b1\" data-element_type=\"container\">\n\t\t\t\t<div class=\"elementor-element elementor-element-d92fbb3 elementor-widget elementor-widget-rainbow-about-block\" data-id=\"d92fbb3\" data-element_type=\"widget\" data-widget_type=\"rainbow-about-block.default\">\n\t\t\t\t<div class=\"elementor-widget-container\">\n\t\t\t\t\t<div class=\"rbt-about-area about-style-1\">\r\n    <div class=\"container\">\r\n        <div class=\"row g-5 align-items-start\">\r\n            <div class=\"col-lg-6\">\r\n                <div class=\"content\">\r\n                                    <h2 class=\"title mb--0\"  data-sal=\"slide-up\" data-sal-duration=\"700\">  \r\n                        QSM Consulting intervient dans 3 domaines d\u2019activit\u00e9, diff\u00e9rents mais compl\u00e9mentaires :                    <\/h2> \r\n                                <\/div>\r\n            <\/div>\r\n            <div class=\"col-lg-6\" data-sal=\"slide-up\" data-sal-duration=\"700\">\r\n                 \r\n                    <p class=\"mb--40 mb_sm--20\">Pour ce faire, nous accompagnons nos clients tout au long de notre mission, avec une approche pragmatique et ind\u00e9pendante, assurant une neutralit\u00e9 et une objectivit\u00e9 qui permettent \u00e0 nos experts de s\u2019engager dans les recommandations. <\/p>\r\n                                <div class=\"readmore-btn\">\r\n                    <a class=\"rbt-moderbt-btn\" href=\"https:\/\/qsm-consulting.ma\/\"><span class=\"moderbt-btn-text\">D\u00e9couvrez nos prochains \u00e9v\u00e9nements<\/span><i class=\"feather-arrow-right\"><\/i><\/a> \r\n                <\/div>\r\n            <\/div>\r\n        <\/div>\r\n    <\/div>\r\n<\/div>\t\t\t\t<\/div>\n\t\t\t\t<\/div>\n\t\t\t\t<\/div>\n\t\t\t\t\t<\/div>\n\t\t\t\t<\/div>\n\t\t<div class=\"elementor-element elementor-element-75ac38b e-flex e-con-boxed wpr-particle-no wpr-jarallax-no wpr-parallax-no wpr-sticky-section-no e-con e-parent\" data-id=\"75ac38b\" data-element_type=\"container\">\n\t\t\t\t\t<div class=\"e-con-inner\">\n\t\t<div class=\"elementor-element elementor-element-e20f7a8 e-con-full e-flex wpr-particle-no wpr-jarallax-no wpr-parallax-no wpr-sticky-section-no e-con e-child\" data-id=\"e20f7a8\" data-element_type=\"container\">\n\t\t\t\t<div class=\"elementor-element elementor-element-388e500 elementor-widget elementor-widget-rainbow-program-block\" data-id=\"388e500\" data-element_type=\"widget\" data-widget_type=\"rainbow-program-block.default\">\n\t\t\t\t<div class=\"elementor-widget-container\">\n\t\t\t\t\t            <div class=\"rbt-card variation-03 rbt-hover\">\r\n                <div class=\"rbt-card-img\">\r\n                    <a class=\"thumbnail-link\"  href=\"https:\/\/qsm-consulting.ma\/fr\/domaines-dactivite\/le-conseil-en-management\/\">\r\n                        <img fetchpriority=\"high\" decoding=\"async\" width=\"2560\" height=\"1707\" src=\"https:\/\/qsm-consulting.ma\/wp-content\/uploads\/2024\/10\/Conseil-en-Management-scaled.webp\" class=\"attachment-full size-full wp-image-13434\" alt=\"\" srcset=\"https:\/\/qsm-consulting.ma\/wp-content\/uploads\/2024\/10\/Conseil-en-Management-scaled.webp 2560w, https:\/\/qsm-consulting.ma\/wp-content\/uploads\/2024\/10\/Conseil-en-Management-scaled-600x400.webp 600w, https:\/\/qsm-consulting.ma\/wp-content\/uploads\/2024\/10\/Conseil-en-Management-300x200.webp 300w, https:\/\/qsm-consulting.ma\/wp-content\/uploads\/2024\/10\/Conseil-en-Management-1024x683.webp 1024w, https:\/\/qsm-consulting.ma\/wp-content\/uploads\/2024\/10\/Conseil-en-Management-768x512.webp 768w, https:\/\/qsm-consulting.ma\/wp-content\/uploads\/2024\/10\/Conseil-en-Management-1536x1024.webp 1536w, https:\/\/qsm-consulting.ma\/wp-content\/uploads\/2024\/10\/Conseil-en-Management-2048x1365.webp 2048w\" sizes=\"(max-width: 2560px) 100vw, 2560px\" \/>                                                    <span class=\"rbt-btn btn-white icon-hover btn-md\">\r\n                                <span class=\"btn-text\">En savoir plus<\/span> <span class=\"btn-icon\"><i class=\"feather-arrow-right\"><\/i><\/span>\r\n                            <\/span>\r\n                                            <\/a>\r\n                <\/div>\r\n                <div class=\"rbt-card-body\">\r\n                                            <h5 class=\"rbt-card-title\"><a  href=\"https:\/\/qsm-consulting.ma\/fr\/domaines-dactivite\/le-conseil-en-management\/\">Le Conseil en Management<\/a><\/h5>\r\n                                        <div class=\"rbt-card-bottom\">\r\n                        <a class=\"transparent-button\"  href=\"https:\/\/qsm-consulting.ma\/fr\/domaines-dactivite\/le-conseil-en-management\/\"><i><svg width=\"17\" height=\"12\" xmlns=\"http:\/\/www.w3.org\/2000\/svg\"><g stroke=\"#27374D\" fill=\"none\" fill-rule=\"evenodd\"><path d=\"M10.614 0l5.629 5.629-5.63 5.629\"><\/path><path stroke-linecap=\"square\" d=\"M.663 5.572h14.594\"><\/path><\/g><\/svg><\/i><\/a>\r\n                    <\/div>\r\n                <\/div>\r\n                            <\/div>\r\n     \r\n \t\t\t\t<\/div>\n\t\t\t\t<\/div>\n\t\t\t\t<\/div>\n\t\t<div class=\"elementor-element elementor-element-2377316 e-con-full e-flex wpr-particle-no wpr-jarallax-no wpr-parallax-no wpr-sticky-section-no e-con e-child\" data-id=\"2377316\" data-element_type=\"container\">\n\t\t\t\t<div class=\"elementor-element elementor-element-dbc585f elementor-widget elementor-widget-rainbow-program-block\" data-id=\"dbc585f\" data-element_type=\"widget\" data-widget_type=\"rainbow-program-block.default\">\n\t\t\t\t<div class=\"elementor-widget-container\">\n\t\t\t\t\t            <div class=\"rbt-card variation-03 rbt-hover\">\r\n                <div class=\"rbt-card-img\">\r\n                    <a class=\"thumbnail-link\"  href=\"https:\/\/qsm-consulting.ma\/fr\/domaines-dactivite\/lassistance-et-laccompagnement-des-structures\/\">\r\n                        <img decoding=\"async\" width=\"2560\" height=\"1707\" src=\"https:\/\/qsm-consulting.ma\/wp-content\/uploads\/2024\/10\/LAssistance-et-lAccompagnement-des-Structures-scaled.webp\" class=\"attachment-full size-full wp-image-13432\" alt=\"\" srcset=\"https:\/\/qsm-consulting.ma\/wp-content\/uploads\/2024\/10\/LAssistance-et-lAccompagnement-des-Structures-scaled.webp 2560w, https:\/\/qsm-consulting.ma\/wp-content\/uploads\/2024\/10\/LAssistance-et-lAccompagnement-des-Structures-scaled-600x400.webp 600w, https:\/\/qsm-consulting.ma\/wp-content\/uploads\/2024\/10\/LAssistance-et-lAccompagnement-des-Structures-300x200.webp 300w, https:\/\/qsm-consulting.ma\/wp-content\/uploads\/2024\/10\/LAssistance-et-lAccompagnement-des-Structures-1024x683.webp 1024w, https:\/\/qsm-consulting.ma\/wp-content\/uploads\/2024\/10\/LAssistance-et-lAccompagnement-des-Structures-768x512.webp 768w, https:\/\/qsm-consulting.ma\/wp-content\/uploads\/2024\/10\/LAssistance-et-lAccompagnement-des-Structures-1536x1024.webp 1536w, https:\/\/qsm-consulting.ma\/wp-content\/uploads\/2024\/10\/LAssistance-et-lAccompagnement-des-Structures-2048x1365.webp 2048w\" sizes=\"(max-width: 2560px) 100vw, 2560px\" \/>                                                    <span class=\"rbt-btn btn-white icon-hover btn-md\">\r\n                                <span class=\"btn-text\">En savoir plus<\/span> <span class=\"btn-icon\"><i class=\"feather-arrow-right\"><\/i><\/span>\r\n                            <\/span>\r\n                                            <\/a>\r\n                <\/div>\r\n                <div class=\"rbt-card-body\">\r\n                                            <h5 class=\"rbt-card-title\"><a  href=\"https:\/\/qsm-consulting.ma\/fr\/domaines-dactivite\/lassistance-et-laccompagnement-des-structures\/\">L\u2019assistance et l\u2019accompagnement des Structures<\/a><\/h5>\r\n                                        <div class=\"rbt-card-bottom\">\r\n                        <a class=\"transparent-button\"  href=\"https:\/\/qsm-consulting.ma\/fr\/domaines-dactivite\/lassistance-et-laccompagnement-des-structures\/\"><i><svg width=\"17\" height=\"12\" xmlns=\"http:\/\/www.w3.org\/2000\/svg\"><g stroke=\"#27374D\" fill=\"none\" fill-rule=\"evenodd\"><path d=\"M10.614 0l5.629 5.629-5.63 5.629\"><\/path><path stroke-linecap=\"square\" d=\"M.663 5.572h14.594\"><\/path><\/g><\/svg><\/i><\/a>\r\n                    <\/div>\r\n                <\/div>\r\n                            <\/div>\r\n     \r\n \t\t\t\t<\/div>\n\t\t\t\t<\/div>\n\t\t\t\t<\/div>\n\t\t\t\t\t<\/div>\n\t\t\t\t<\/div>\n\t\t<div class=\"elementor-element elementor-element-8a8757f e-flex e-con-boxed wpr-particle-no wpr-jarallax-no wpr-parallax-no wpr-sticky-section-no e-con e-parent\" data-id=\"8a8757f\" data-element_type=\"container\">\n\t\t\t\t\t<div class=\"e-con-inner\">\n\t\t<div class=\"elementor-element elementor-element-628ae3e e-con-full e-flex wpr-particle-no wpr-jarallax-no wpr-parallax-no wpr-sticky-section-no e-con e-child\" data-id=\"628ae3e\" data-element_type=\"container\">\n\t\t\t\t<div class=\"elementor-element elementor-element-60a1f42 elementor-widget elementor-widget-rainbow-program-block\" data-id=\"60a1f42\" data-element_type=\"widget\" data-widget_type=\"rainbow-program-block.default\">\n\t\t\t\t<div class=\"elementor-widget-container\">\n\t\t\t\t\t            <div class=\"rbt-card variation-03 rbt-hover\">\r\n                <div class=\"rbt-card-img\">\r\n                    <a class=\"thumbnail-link\"  href=\"https:\/\/qsm-consulting.ma\/fr\/domaines-dactivite\/la-formation\/\">\r\n                        <img decoding=\"async\" width=\"2000\" height=\"1333\" src=\"https:\/\/qsm-consulting.ma\/wp-content\/uploads\/2024\/10\/Formation-1.webp\" class=\"attachment-full size-full wp-image-13705\" alt=\"\" srcset=\"https:\/\/qsm-consulting.ma\/wp-content\/uploads\/2024\/10\/Formation-1.webp 2000w, https:\/\/qsm-consulting.ma\/wp-content\/uploads\/2024\/10\/Formation-1-300x200.webp 300w, https:\/\/qsm-consulting.ma\/wp-content\/uploads\/2024\/10\/Formation-1-1024x682.webp 1024w, https:\/\/qsm-consulting.ma\/wp-content\/uploads\/2024\/10\/Formation-1-768x512.webp 768w, https:\/\/qsm-consulting.ma\/wp-content\/uploads\/2024\/10\/Formation-1-1536x1024.webp 1536w, https:\/\/qsm-consulting.ma\/wp-content\/uploads\/2024\/10\/Formation-1-600x400.webp 600w\" sizes=\"(max-width: 2000px) 100vw, 2000px\" \/>                                                    <span class=\"rbt-btn btn-white icon-hover btn-md\">\r\n                                <span class=\"btn-text\">En savoir plus<\/span> <span class=\"btn-icon\"><i class=\"feather-arrow-right\"><\/i><\/span>\r\n                            <\/span>\r\n                                            <\/a>\r\n                <\/div>\r\n                <div class=\"rbt-card-body\">\r\n                                            <h5 class=\"rbt-card-title\"><a  href=\"https:\/\/qsm-consulting.ma\/fr\/domaines-dactivite\/la-formation\/\">La Formation<\/a><\/h5>\r\n                                        <div class=\"rbt-card-bottom\">\r\n                        <a class=\"transparent-button\"  href=\"https:\/\/qsm-consulting.ma\/fr\/domaines-dactivite\/la-formation\/\"><i><svg width=\"17\" height=\"12\" xmlns=\"http:\/\/www.w3.org\/2000\/svg\"><g stroke=\"#27374D\" fill=\"none\" fill-rule=\"evenodd\"><path d=\"M10.614 0l5.629 5.629-5.63 5.629\"><\/path><path stroke-linecap=\"square\" d=\"M.663 5.572h14.594\"><\/path><\/g><\/svg><\/i><\/a>\r\n                    <\/div>\r\n                <\/div>\r\n                            <\/div>\r\n     \r\n \t\t\t\t<\/div>\n\t\t\t\t<\/div>\n\t\t\t\t<\/div>\n\t\t\t\t\t<\/div>\n\t\t\t\t<\/div>\n\t\t<div class=\"elementor-element elementor-element-9bddd0f e-con-full e-flex wpr-particle-no wpr-jarallax-no wpr-parallax-no wpr-sticky-section-no e-con e-parent\" data-id=\"9bddd0f\" data-element_type=\"container\">\n\t\t<div class=\"elementor-element elementor-element-464acb6 e-con-full e-flex wpr-particle-no wpr-jarallax-no wpr-parallax-no wpr-sticky-section-no e-con e-child\" data-id=\"464acb6\" data-element_type=\"container\" data-settings=\"{&quot;background_background&quot;:&quot;classic&quot;}\">\n\t\t\t\t<div class=\"elementor-element elementor-element-55e0888 elementor-widget elementor-widget-rainbow-title\" data-id=\"55e0888\" data-element_type=\"widget\" data-widget_type=\"rainbow-title.default\">\n\t\t\t\t<div class=\"elementor-widget-container\">\n\t\t\t\t\t<div class=\"\">\r\n    <div class=\"section-title text-center\">\r\n                    <span class=\"subtitle  bg-primary-opacity\">Newsletter<\/span>\r\n                            <h2 class=\"title w-600\">\r\n            Abonnez \u00e0 notre Newsletter         \r\n            <span class=\"color-primary\"><\/span>\r\n                        <\/h2>\r\n                        \r\n    <\/div>\r\n<\/div>\t\t\t\t<\/div>\n\t\t\t\t<\/div>\n\t\t\t\t<div class=\"elementor-element elementor-element-73c9d6c elementor-widget elementor-widget-text-editor\" data-id=\"73c9d6c\" data-element_type=\"widget\" data-widget_type=\"text-editor.default\">\n\t\t\t\t<div class=\"elementor-widget-container\">\n\t\t\t\t\t\t\t\t\t<p>Recevez des ressources et des outils qui peuvent vous aider \u00e0 pr\u00e9parer l\u2019avenir. Vous pouvez annuler \u00e0 tout moment.<\/p>\t\t\t\t\t\t\t\t<\/div>\n\t\t\t\t<\/div>\n\t\t\t\t<div class=\"elementor-element elementor-element-bf8ef93 elementor-widget elementor-widget-wpforms\" data-id=\"bf8ef93\" data-element_type=\"widget\" data-widget_type=\"wpforms.default\">\n\t\t\t\t<div class=\"elementor-widget-container\">\n\t\t\t\t\t<style id=\"wpforms-css-vars-root\">\n\t\t\t\t:root {\n\t\t\t\t\t--wpforms-field-border-radius: 3px;\n--wpforms-field-border-style: solid;\n--wpforms-field-border-size: 1px;\n--wpforms-field-background-color: #ffffff;\n--wpforms-field-border-color: rgba( 0, 0, 0, 0.25 );\n--wpforms-field-border-color-spare: rgba( 0, 0, 0, 0.25 );\n--wpforms-field-text-color: rgba( 0, 0, 0, 0.7 );\n--wpforms-field-menu-color: #ffffff;\n--wpforms-label-color: rgba( 0, 0, 0, 0.85 );\n--wpforms-label-sublabel-color: rgba( 0, 0, 0, 0.55 );\n--wpforms-label-error-color: #d63637;\n--wpforms-button-border-radius: 3px;\n--wpforms-button-border-style: none;\n--wpforms-button-border-size: 1px;\n--wpforms-button-background-color: #066aab;\n--wpforms-button-border-color: #066aab;\n--wpforms-button-text-color: #ffffff;\n--wpforms-page-break-color: #066aab;\n--wpforms-background-image: none;\n--wpforms-background-position: center center;\n--wpforms-background-repeat: no-repeat;\n--wpforms-background-size: cover;\n--wpforms-background-width: 100px;\n--wpforms-background-height: 100px;\n--wpforms-background-color: rgba( 0, 0, 0, 0 );\n--wpforms-background-url: none;\n--wpforms-container-padding: 0px;\n--wpforms-container-border-style: none;\n--wpforms-container-border-width: 1px;\n--wpforms-container-border-color: #000000;\n--wpforms-container-border-radius: 3px;\n--wpforms-field-size-input-height: 43px;\n--wpforms-field-size-input-spacing: 15px;\n--wpforms-field-size-font-size: 16px;\n--wpforms-field-size-line-height: 19px;\n--wpforms-field-size-padding-h: 14px;\n--wpforms-field-size-checkbox-size: 16px;\n--wpforms-field-size-sublabel-spacing: 5px;\n--wpforms-field-size-icon-size: 1;\n--wpforms-label-size-font-size: 16px;\n--wpforms-label-size-line-height: 19px;\n--wpforms-label-size-sublabel-font-size: 14px;\n--wpforms-label-size-sublabel-line-height: 17px;\n--wpforms-button-size-font-size: 17px;\n--wpforms-button-size-height: 41px;\n--wpforms-button-size-padding-h: 15px;\n--wpforms-button-size-margin-top: 10px;\n--wpforms-container-shadow-size-box-shadow: none;\n\n\t\t\t\t}\n\t\t\t<\/style><style id=\"wpforms-css-vars-elementor-widget-bf8ef93\">\n\t\t\t\t.elementor-widget-wpforms.elementor-element-bf8ef93 {\n\t\t\t\t\t--wpforms-field-size-input-height: 43px;\n--wpforms-field-size-input-spacing: 15px;\n--wpforms-field-size-font-size: 16px;\n--wpforms-field-size-line-height: 19px;\n--wpforms-field-size-padding-h: 14px;\n--wpforms-field-size-checkbox-size: 16px;\n--wpforms-field-size-sublabel-spacing: 5px;\n--wpforms-field-size-icon-size: 1;\n--wpforms-label-size-font-size: 16px;\n--wpforms-label-size-line-height: 19px;\n--wpforms-label-size-sublabel-font-size: 14px;\n--wpforms-label-size-sublabel-line-height: 17px;\n--wpforms-button-size-font-size: 17px;\n--wpforms-button-size-height: 41px;\n--wpforms-button-size-padding-h: 15px;\n--wpforms-button-size-margin-top: 10px;\n\n\t\t\t\t}\n\t\t\t<\/style><div class=\"wpforms-container wpforms-container-full wpforms-render-modern\" id=\"wpforms-16427\"><form id=\"wpforms-form-16427\" class=\"wpforms-validate wpforms-form wpforms-ajax-form\" data-formid=\"16427\" method=\"post\" enctype=\"multipart\/form-data\" action=\"\/fr\/wp-json\/wp\/v2\/pages\/4409\" data-token=\"a3ff8fd2b4fdbec2b8acf6e58953b95d\" data-token-time=\"1776426484\"><noscript class=\"wpforms-error-noscript\">Veuillez activer JavaScript dans votre navigateur pour remplir ce formulaire.<\/noscript><div class=\"wpforms-hidden\" id=\"wpforms-error-noscript\">Veuillez activer JavaScript dans votre navigateur pour remplir ce formulaire.<\/div><div class=\"wpforms-field-container\"><div id=\"wpforms-16427-field_2-container\" class=\"wpforms-field wpforms-field-email\" data-field-id=\"2\"><label class=\"wpforms-field-label wpforms-label-hide\" for=\"wpforms-16427-field_2\" aria-hidden=\"false\">E-mail <span class=\"wpforms-required-label\" aria-hidden=\"true\">*<\/span><\/label><input type=\"email\" id=\"wpforms-16427-field_2\" class=\"wpforms-field-large wpforms-field-required\" name=\"wpforms[fields][2]\" placeholder=\"Entrez votre adresse e-mail\" spellcheck=\"false\" aria-errormessage=\"wpforms-16427-field_2-error\" required><\/div><\/div><!-- .wpforms-field-container --><div class=\"wpforms-submit-container\" ><input type=\"hidden\" name=\"wpforms[id]\" value=\"16427\"><input type=\"hidden\" name=\"page_title\" value=\"\"><input type=\"hidden\" name=\"page_url\" value=\"https:\/\/qsm-consulting.ma\/fr\/wp-json\/wp\/v2\/pages\/4409\"><button type=\"submit\" name=\"wpforms[submit]\" id=\"wpforms-submit-16427\" class=\"wpforms-submit\" data-alt-text=\"Envoi...\" data-submit-text=\"S&#039;abonner\" aria-live=\"assertive\" value=\"wpforms-submit\">S&#039;abonner<\/button><img loading=\"lazy\" decoding=\"async\" src=\"https:\/\/qsm-consulting.ma\/wp-content\/plugins\/wpforms\/assets\/images\/submit-spin.svg\" class=\"wpforms-submit-spinner\" style=\"display: none;\" width=\"26\" height=\"26\" alt=\"Chargement en cours\"><\/div><\/form><\/div>  <!-- .wpforms-container -->\t\t\t\t<\/div>\n\t\t\t\t<\/div>\n\t\t\t\t<\/div>\n\t\t\t\t<\/div>\n\t\t\t\t<\/div>\n\t\t","protected":false},"excerpt":{"rendered":"<p>QSM Consulting intervient dans 3 domaines d\u2019activit\u00e9, diff\u00e9rents mais compl\u00e9mentaires : Pour ce faire, nous accompagnons nos clients tout au long de notre mission, avec une approche pragmatique et ind\u00e9pendante, assurant une neutralit\u00e9 et une objectivit\u00e9 qui permettent \u00e0 nos experts de s\u2019engager dans les recommandations. D\u00e9couvrez nos prochains \u00e9v\u00e9nements En savoir plus Le Conseil en Management En savoir plus L\u2019assistance et l\u2019accompagnement des Structures En savoir plus La Formation Newsletter Abonnez \u00e0 notre Newsletter Recevez des ressources et des outils qui peuvent vous aider \u00e0 pr\u00e9parer l\u2019avenir. Vous pouvez annuler \u00e0 tout moment. Veuillez activer JavaScript dans votre navigateur pour remplir ce formulaire.Veuillez activer JavaScript dans votre navigateur pour remplir ce formulaire.E-mail * S&#039;abonner<\/p>\n","protected":false},"author":1,"featured_media":0,"parent":0,"menu_order":0,"comment_status":"closed","ping_status":"closed","template":"elementor_header_footer","meta":{"_acf_changed":false,"footnotes":""},"class_list":["post-4409","page","type-page","status-publish","hentry"],"acf":[],"_links":{"self":[{"href":"https:\/\/qsm-consulting.ma\/fr\/wp-json\/wp\/v2\/pages\/4409","targetHints":{"allow":["GET"]}}],"collection":[{"href":"https:\/\/qsm-consulting.ma\/fr\/wp-json\/wp\/v2\/pages"}],"about":[{"href":"https:\/\/qsm-consulting.ma\/fr\/wp-json\/wp\/v2\/types\/page"}],"author":[{"embeddable":true,"href":"https:\/\/qsm-consulting.ma\/fr\/wp-json\/wp\/v2\/users\/1"}],"replies":[{"embeddable":true,"href":"https:\/\/qsm-consulting.ma\/fr\/wp-json\/wp\/v2\/comments?post=4409"}],"version-history":[{"count":81,"href":"https:\/\/qsm-consulting.ma\/fr\/wp-json\/wp\/v2\/pages\/4409\/revisions"}],"predecessor-version":[{"id":17645,"href":"https:\/\/qsm-consulting.ma\/fr\/wp-json\/wp\/v2\/pages\/4409\/revisions\/17645"}],"wp:attachment":[{"href":"https:\/\/qsm-consulting.ma\/fr\/wp-json\/wp\/v2\/media?parent=4409"}],"curies":[{"name":"wp","href":"https:\/\/api.w.org\/{rel}","templated":true}]}}