{"id":13511,"date":"2024-10-25T19:07:55","date_gmt":"2024-10-25T19:07:55","guid":{"rendered":"https:\/\/qsm.agece47.ma\/?page_id=13511"},"modified":"2025-01-08T09:12:24","modified_gmt":"2025-01-08T09:12:24","slug":"la-formation","status":"publish","type":"page","link":"https:\/\/qsm-consulting.ma\/fr\/domaines-dactivite\/la-formation\/","title":{"rendered":"La Formation"},"content":{"rendered":"\t\t<div data-elementor-type=\"wp-page\" data-elementor-id=\"13511\" class=\"elementor elementor-13511\" data-elementor-post-type=\"page\">\n\t\t\t\t<div class=\"elementor-element elementor-element-8cb0598 divider-dark-mode-custom e-flex e-con-boxed wpr-particle-no wpr-jarallax-no wpr-parallax-no wpr-sticky-section-no e-con e-parent\" data-id=\"8cb0598\" data-element_type=\"container\">\n\t\t\t\t\t<div class=\"e-con-inner\">\n\t\t\t\t<div class=\"elementor-element elementor-element-6c0d08b elementor-widget-divider--view-line elementor-widget elementor-widget-divider\" data-id=\"6c0d08b\" data-element_type=\"widget\" data-widget_type=\"divider.default\">\n\t\t\t\t<div class=\"elementor-widget-container\">\n\t\t\t\t\t\t\t<div class=\"elementor-divider\">\n\t\t\t<span class=\"elementor-divider-separator\">\n\t\t\t\t\t\t<\/span>\n\t\t<\/div>\n\t\t\t\t\t\t<\/div>\n\t\t\t\t<\/div>\n\t\t\t\t\t<\/div>\n\t\t\t\t<\/div>\n\t\t<div class=\"elementor-element elementor-element-8692841 e-flex e-con-boxed wpr-particle-no wpr-jarallax-no wpr-parallax-no wpr-sticky-section-no e-con e-parent\" data-id=\"8692841\" data-element_type=\"container\">\n\t\t\t\t\t<div class=\"e-con-inner\">\n\t\t<div class=\"elementor-element elementor-element-e7aef83 e-con-full e-flex wpr-particle-no wpr-jarallax-no wpr-parallax-no wpr-sticky-section-no e-con e-child\" data-id=\"e7aef83\" data-element_type=\"container\">\n\t\t\t\t<div class=\"elementor-element elementor-element-61e441f elementor-widget elementor-widget-rainbow-about-us\" data-id=\"61e441f\" data-element_type=\"widget\" data-widget_type=\"rainbow-about-us.default\">\n\t\t\t\t<div class=\"elementor-widget-container\">\n\t\t\t\t\t                    <div class=\"rbt-about-area\">\r\n                <div class=\"container\">\r\n                    <div class=\"row g-5 align-items-center flex-row-reverse\">\r\n                        <div class=\"col-lg-6 order-2 order-lg-1\">\r\n                            <div class=\"inner pl--50 pl_sm--5\">\r\n                                <div class=\"section-title text-start\">\r\n                                                                                                                <h2 class=\"title\">LA FORMATION <\/h2>\r\n                                                                                                                <p class=\"description mt--20\">Quick Solution Management Consulting propose des formations adapt\u00e9es et sur mesure en inter ou en intra entreprise.<br><br>\nNos intervenants ont tous une double comp\u00e9tence : experts dans les domaines objet de la formation et professionnels de la formation.<br><br>\nEn parall\u00e8le, nous accompagnons l\u2019entreprise ou l\u2019institution \u00e0 travers une ing\u00e9nierie de formation qui permet de d\u00e9finir les besoins en formation ainsi que son planning de r\u00e9alisation.<\/p>\r\n                                                                                                        <\/div>\r\n                            <\/div>\r\n                        <\/div>\r\n                                                    <div class=\"col-lg-6 order-1 order-lg-2\">\r\n                                <div class=\"content\">\r\n                                    <img fetchpriority=\"high\" decoding=\"async\" width=\"2000\" height=\"1333\" src=\"https:\/\/qsm-consulting.ma\/wp-content\/uploads\/2024\/10\/Formation-1.webp\" class=\"attachment-full size-full\" alt=\"\" \/>                                <\/div>\r\n                            <\/div>\r\n                                            <\/div>\r\n                <\/div>\r\n            <\/div>\r\n\r\n        \t\t\t\t<\/div>\n\t\t\t\t<\/div>\n\t\t\t\t<\/div>\n\t\t\t\t\t<\/div>\n\t\t\t\t<\/div>\n\t\t<div class=\"elementor-element elementor-element-f277dd4 e-con-full e-flex wpr-particle-no wpr-jarallax-no wpr-parallax-no wpr-sticky-section-no e-con e-parent\" data-id=\"f277dd4\" data-element_type=\"container\">\n\t\t<div class=\"elementor-element elementor-element-6f31f2c e-con-full e-flex wpr-particle-no wpr-jarallax-no wpr-parallax-no wpr-sticky-section-no e-con e-child\" data-id=\"6f31f2c\" data-element_type=\"container\" data-settings=\"{&quot;background_background&quot;:&quot;classic&quot;}\">\n\t\t\t\t<div class=\"elementor-element elementor-element-a374d8f elementor-widget elementor-widget-rainbow-title\" data-id=\"a374d8f\" data-element_type=\"widget\" data-widget_type=\"rainbow-title.default\">\n\t\t\t\t<div class=\"elementor-widget-container\">\n\t\t\t\t\t<div class=\"\">\r\n    <div class=\"section-title text-center\">\r\n                    <span class=\"subtitle  bg-primary-opacity\">Newsletter<\/span>\r\n                            <h2 class=\"title w-600\">\r\n            Abonnez \u00e0 notre Newsletter         \r\n            <span class=\"color-primary\"><\/span>\r\n                        <\/h2>\r\n                        \r\n    <\/div>\r\n<\/div>\t\t\t\t<\/div>\n\t\t\t\t<\/div>\n\t\t\t\t<div class=\"elementor-element elementor-element-e91cf84 elementor-widget elementor-widget-text-editor\" data-id=\"e91cf84\" data-element_type=\"widget\" data-widget_type=\"text-editor.default\">\n\t\t\t\t<div class=\"elementor-widget-container\">\n\t\t\t\t\t\t\t\t\t<p>Recevez des ressources et des outils qui peuvent vous aider \u00e0 pr\u00e9parer l\u2019avenir. Vous pouvez annuler \u00e0 tout moment.<\/p>\t\t\t\t\t\t\t\t<\/div>\n\t\t\t\t<\/div>\n\t\t\t\t<div class=\"elementor-element elementor-element-4cb4f20 elementor-widget elementor-widget-wpforms\" data-id=\"4cb4f20\" data-element_type=\"widget\" data-widget_type=\"wpforms.default\">\n\t\t\t\t<div class=\"elementor-widget-container\">\n\t\t\t\t\t<style id=\"wpforms-css-vars-root\">\n\t\t\t\t:root {\n\t\t\t\t\t--wpforms-field-border-radius: 3px;\n--wpforms-field-border-style: solid;\n--wpforms-field-border-size: 1px;\n--wpforms-field-background-color: #ffffff;\n--wpforms-field-border-color: rgba( 0, 0, 0, 0.25 );\n--wpforms-field-border-color-spare: rgba( 0, 0, 0, 0.25 );\n--wpforms-field-text-color: rgba( 0, 0, 0, 0.7 );\n--wpforms-field-menu-color: #ffffff;\n--wpforms-label-color: rgba( 0, 0, 0, 0.85 );\n--wpforms-label-sublabel-color: rgba( 0, 0, 0, 0.55 );\n--wpforms-label-error-color: #d63637;\n--wpforms-button-border-radius: 3px;\n--wpforms-button-border-style: none;\n--wpforms-button-border-size: 1px;\n--wpforms-button-background-color: #066aab;\n--wpforms-button-border-color: #066aab;\n--wpforms-button-text-color: #ffffff;\n--wpforms-page-break-color: #066aab;\n--wpforms-background-image: none;\n--wpforms-background-position: center center;\n--wpforms-background-repeat: no-repeat;\n--wpforms-background-size: cover;\n--wpforms-background-width: 100px;\n--wpforms-background-height: 100px;\n--wpforms-background-color: rgba( 0, 0, 0, 0 );\n--wpforms-background-url: none;\n--wpforms-container-padding: 0px;\n--wpforms-container-border-style: none;\n--wpforms-container-border-width: 1px;\n--wpforms-container-border-color: #000000;\n--wpforms-container-border-radius: 3px;\n--wpforms-field-size-input-height: 43px;\n--wpforms-field-size-input-spacing: 15px;\n--wpforms-field-size-font-size: 16px;\n--wpforms-field-size-line-height: 19px;\n--wpforms-field-size-padding-h: 14px;\n--wpforms-field-size-checkbox-size: 16px;\n--wpforms-field-size-sublabel-spacing: 5px;\n--wpforms-field-size-icon-size: 1;\n--wpforms-label-size-font-size: 16px;\n--wpforms-label-size-line-height: 19px;\n--wpforms-label-size-sublabel-font-size: 14px;\n--wpforms-label-size-sublabel-line-height: 17px;\n--wpforms-button-size-font-size: 17px;\n--wpforms-button-size-height: 41px;\n--wpforms-button-size-padding-h: 15px;\n--wpforms-button-size-margin-top: 10px;\n--wpforms-container-shadow-size-box-shadow: none;\n\n\t\t\t\t}\n\t\t\t<\/style><style id=\"wpforms-css-vars-elementor-widget-4cb4f20\">\n\t\t\t\t.elementor-widget-wpforms.elementor-element-4cb4f20 {\n\t\t\t\t\t--wpforms-field-size-input-height: 43px;\n--wpforms-field-size-input-spacing: 15px;\n--wpforms-field-size-font-size: 16px;\n--wpforms-field-size-line-height: 19px;\n--wpforms-field-size-padding-h: 14px;\n--wpforms-field-size-checkbox-size: 16px;\n--wpforms-field-size-sublabel-spacing: 5px;\n--wpforms-field-size-icon-size: 1;\n--wpforms-label-size-font-size: 16px;\n--wpforms-label-size-line-height: 19px;\n--wpforms-label-size-sublabel-font-size: 14px;\n--wpforms-label-size-sublabel-line-height: 17px;\n--wpforms-button-size-font-size: 17px;\n--wpforms-button-size-height: 41px;\n--wpforms-button-size-padding-h: 15px;\n--wpforms-button-size-margin-top: 10px;\n\n\t\t\t\t}\n\t\t\t<\/style><div class=\"wpforms-container wpforms-container-full wpforms-render-modern\" id=\"wpforms-16427\"><form id=\"wpforms-form-16427\" class=\"wpforms-validate wpforms-form wpforms-ajax-form\" data-formid=\"16427\" method=\"post\" enctype=\"multipart\/form-data\" action=\"\/fr\/wp-json\/wp\/v2\/pages\/13511\" data-token=\"ecbc04df60ad1507f3b250fe4f8947c6\" data-token-time=\"1776505514\"><noscript class=\"wpforms-error-noscript\">Veuillez activer JavaScript dans votre navigateur pour remplir ce formulaire.<\/noscript><div class=\"wpforms-hidden\" id=\"wpforms-error-noscript\">Veuillez activer JavaScript dans votre navigateur pour remplir ce formulaire.<\/div><div class=\"wpforms-field-container\"><div id=\"wpforms-16427-field_2-container\" class=\"wpforms-field wpforms-field-email\" data-field-id=\"2\"><label class=\"wpforms-field-label wpforms-label-hide\" for=\"wpforms-16427-field_2\" aria-hidden=\"false\">E-mail <span class=\"wpforms-required-label\" aria-hidden=\"true\">*<\/span><\/label><input type=\"email\" id=\"wpforms-16427-field_2\" class=\"wpforms-field-large wpforms-field-required\" name=\"wpforms[fields][2]\" placeholder=\"Entrez votre adresse e-mail\" spellcheck=\"false\" aria-errormessage=\"wpforms-16427-field_2-error\" required><\/div><\/div><!-- .wpforms-field-container --><div class=\"wpforms-submit-container\" ><input type=\"hidden\" name=\"wpforms[id]\" value=\"16427\"><input type=\"hidden\" name=\"page_title\" value=\"\"><input type=\"hidden\" name=\"page_url\" value=\"https:\/\/qsm-consulting.ma\/fr\/wp-json\/wp\/v2\/pages\/13511\"><button type=\"submit\" name=\"wpforms[submit]\" id=\"wpforms-submit-16427\" class=\"wpforms-submit\" data-alt-text=\"Envoi...\" data-submit-text=\"S&#039;abonner\" aria-live=\"assertive\" value=\"wpforms-submit\">S&#039;abonner<\/button><img decoding=\"async\" src=\"https:\/\/qsm-consulting.ma\/wp-content\/plugins\/wpforms\/assets\/images\/submit-spin.svg\" class=\"wpforms-submit-spinner\" style=\"display: none;\" width=\"26\" height=\"26\" alt=\"Chargement en cours\"><\/div><\/form><\/div>  <!-- .wpforms-container -->\t\t\t\t<\/div>\n\t\t\t\t<\/div>\n\t\t\t\t<\/div>\n\t\t\t\t<\/div>\n\t\t\t\t<\/div>\n\t\t","protected":false},"excerpt":{"rendered":"<p>LA FORMATION Quick Solution Management Consulting propose des formations adapt\u00e9es et sur mesure en inter ou en intra entreprise. Nos intervenants ont tous une double comp\u00e9tence : experts dans les domaines objet de la formation et professionnels de la formation. En parall\u00e8le, nous accompagnons l\u2019entreprise ou l\u2019institution \u00e0 travers une ing\u00e9nierie de formation qui permet de d\u00e9finir les besoins en formation ainsi que son planning de r\u00e9alisation. Newsletter Abonnez \u00e0 notre Newsletter Recevez des ressources et des outils qui peuvent vous aider \u00e0 pr\u00e9parer l\u2019avenir. Vous pouvez annuler \u00e0 tout moment. Veuillez activer JavaScript dans votre navigateur pour remplir ce formulaire.Veuillez activer JavaScript dans votre navigateur pour remplir ce formulaire.E-mail * S&#039;abonner<\/p>\n","protected":false},"author":1,"featured_media":0,"parent":4409,"menu_order":0,"comment_status":"closed","ping_status":"closed","template":"elementor_header_footer","meta":{"_acf_changed":false,"footnotes":""},"class_list":["post-13511","page","type-page","status-publish","hentry"],"acf":[],"_links":{"self":[{"href":"https:\/\/qsm-consulting.ma\/fr\/wp-json\/wp\/v2\/pages\/13511","targetHints":{"allow":["GET"]}}],"collection":[{"href":"https:\/\/qsm-consulting.ma\/fr\/wp-json\/wp\/v2\/pages"}],"about":[{"href":"https:\/\/qsm-consulting.ma\/fr\/wp-json\/wp\/v2\/types\/page"}],"author":[{"embeddable":true,"href":"https:\/\/qsm-consulting.ma\/fr\/wp-json\/wp\/v2\/users\/1"}],"replies":[{"embeddable":true,"href":"https:\/\/qsm-consulting.ma\/fr\/wp-json\/wp\/v2\/comments?post=13511"}],"version-history":[{"count":38,"href":"https:\/\/qsm-consulting.ma\/fr\/wp-json\/wp\/v2\/pages\/13511\/revisions"}],"predecessor-version":[{"id":16499,"href":"https:\/\/qsm-consulting.ma\/fr\/wp-json\/wp\/v2\/pages\/13511\/revisions\/16499"}],"up":[{"embeddable":true,"href":"https:\/\/qsm-consulting.ma\/fr\/wp-json\/wp\/v2\/pages\/4409"}],"wp:attachment":[{"href":"https:\/\/qsm-consulting.ma\/fr\/wp-json\/wp\/v2\/media?parent=13511"}],"curies":[{"name":"wp","href":"https:\/\/api.w.org\/{rel}","templated":true}]}}