{"id":15681,"date":"2024-12-17T11:28:11","date_gmt":"2024-12-17T11:28:11","guid":{"rendered":"https:\/\/qsm.agece47.ma\/?page_id=15681"},"modified":"2025-01-08T09:33:41","modified_gmt":"2025-01-08T09:33:41","slug":"catalogue-de-formations","status":"publish","type":"page","link":"http:\/\/qsm-consulting.ma\/en\/domaines-dactivite\/la-formation\/catalogue-de-formations\/","title":{"rendered":"Training catalog"},"content":{"rendered":"<div data-elementor-type=\"wp-page\" data-elementor-id=\"15681\" class=\"elementor elementor-15681\" data-elementor-post-type=\"page\">\n\t\t\t\t<div class=\"elementor-element elementor-element-4b65edb e-flex e-con-boxed wpr-particle-no wpr-jarallax-no wpr-parallax-no wpr-sticky-section-no e-con e-parent\" data-id=\"4b65edb\" data-element_type=\"container\">\n\t\t\t\t\t<div class=\"e-con-inner\">\n\t\t\t\t<div class=\"elementor-element elementor-element-b839d32 elementor-widget elementor-widget-text-editor\" data-id=\"b839d32\" data-element_type=\"widget\" data-widget_type=\"text-editor.default\">\n\t\t\t\t<div class=\"elementor-widget-container\">\n\t\t\t\t\t\t\t\t\t<p>In terms of training, the QSM Consulting firm operates mainly in the following areas:<\/p>\t\t\t\t\t\t\t\t<\/div>\n\t\t\t\t<\/div>\n\t\t\t\t<div class=\"elementor-element elementor-element-4ca9b1b elementor-widget elementor-widget-text-editor\" data-id=\"4ca9b1b\" data-element_type=\"widget\" data-widget_type=\"text-editor.default\">\n\t\t\t\t<div class=\"elementor-widget-container\">\n\t\t\t\t\t\t\t\t\t<p>\u2192 Port management;<br \/>\u2192 Budget management, management control, performance management and cost optimization;<br \/>\u2192 Accounting and tax management;<br \/>\u2192 Management of calls for tender and markets;<br \/>\u2192 Auditing of calls for tender and contracts;<br \/>\u2192 Quality management;<br \/>\u2192 Project management.<\/p>\t\t\t\t\t\t\t\t<\/div>\n\t\t\t\t<\/div>\n\t\t\t\t\t<\/div>\n\t\t\t\t<\/div>\n\t\t<div class=\"elementor-element elementor-element-9fdf3d4 e-con-full e-flex wpr-particle-no wpr-jarallax-no wpr-parallax-no wpr-sticky-section-no e-con e-parent\" data-id=\"9fdf3d4\" data-element_type=\"container\">\n\t\t<div class=\"elementor-element elementor-element-ec61433 e-con-full e-flex wpr-particle-no wpr-jarallax-no wpr-parallax-no wpr-sticky-section-no e-con e-child\" data-id=\"ec61433\" data-element_type=\"container\" data-settings=\"{&quot;background_background&quot;:&quot;classic&quot;}\">\n\t\t\t\t<div class=\"elementor-element elementor-element-4d8b40d elementor-widget elementor-widget-rainbow-title\" data-id=\"4d8b40d\" data-element_type=\"widget\" data-widget_type=\"rainbow-title.default\">\n\t\t\t\t<div class=\"elementor-widget-container\">\n\t\t\t\t\t<div class=\"\">\r\n    <div class=\"section-title text-center\">\r\n                    <span class=\"subtitle  bg-primary-opacity\">Newsletter<\/span>\r\n                            <h2 class=\"title w-600\">\r\n            Subscribe to our Newsletter         \r\n            <span class=\"color-primary\"><\/span>\r\n                        <\/h2>\r\n                        \r\n    <\/div>\r\n<\/div>\t\t\t\t<\/div>\n\t\t\t\t<\/div>\n\t\t\t\t<div class=\"elementor-element elementor-element-4e2ae9d elementor-widget elementor-widget-text-editor\" data-id=\"4e2ae9d\" data-element_type=\"widget\" data-widget_type=\"text-editor.default\">\n\t\t\t\t<div class=\"elementor-widget-container\">\n\t\t\t\t\t\t\t\t\t<p>Receive resources and tools that can help you prepare for the future. You can cancel at any time.<\/p>\t\t\t\t\t\t\t\t<\/div>\n\t\t\t\t<\/div>\n\t\t\t\t<div class=\"elementor-element elementor-element-df1c37b elementor-widget elementor-widget-wpforms\" data-id=\"df1c37b\" data-element_type=\"widget\" data-widget_type=\"wpforms.default\">\n\t\t\t\t<div class=\"elementor-widget-container\">\n\t\t\t\t\t<style id=\"wpforms-css-vars-root\">\n\t\t\t\t:root {\n\t\t\t\t\t--wpforms-field-border-radius: 3px;\n--wpforms-field-border-style: solid;\n--wpforms-field-border-size: 1px;\n--wpforms-field-background-color: #ffffff;\n--wpforms-field-border-color: rgba( 0, 0, 0, 0.25 );\n--wpforms-field-border-color-spare: rgba( 0, 0, 0, 0.25 );\n--wpforms-field-text-color: rgba( 0, 0, 0, 0.7 );\n--wpforms-field-menu-color: #ffffff;\n--wpforms-label-color: rgba( 0, 0, 0, 0.85 );\n--wpforms-label-sublabel-color: rgba( 0, 0, 0, 0.55 );\n--wpforms-label-error-color: #d63637;\n--wpforms-button-border-radius: 3px;\n--wpforms-button-border-style: none;\n--wpforms-button-border-size: 1px;\n--wpforms-button-background-color: #066aab;\n--wpforms-button-border-color: #066aab;\n--wpforms-button-text-color: #ffffff;\n--wpforms-page-break-color: #066aab;\n--wpforms-background-image: none;\n--wpforms-background-position: center center;\n--wpforms-background-repeat: no-repeat;\n--wpforms-background-size: cover;\n--wpforms-background-width: 100px;\n--wpforms-background-height: 100px;\n--wpforms-background-color: rgba( 0, 0, 0, 0 );\n--wpforms-background-url: none;\n--wpforms-container-padding: 0px;\n--wpforms-container-border-style: none;\n--wpforms-container-border-width: 1px;\n--wpforms-container-border-color: #000000;\n--wpforms-container-border-radius: 3px;\n--wpforms-field-size-input-height: 43px;\n--wpforms-field-size-input-spacing: 15px;\n--wpforms-field-size-font-size: 16px;\n--wpforms-field-size-line-height: 19px;\n--wpforms-field-size-padding-h: 14px;\n--wpforms-field-size-checkbox-size: 16px;\n--wpforms-field-size-sublabel-spacing: 5px;\n--wpforms-field-size-icon-size: 1;\n--wpforms-label-size-font-size: 16px;\n--wpforms-label-size-line-height: 19px;\n--wpforms-label-size-sublabel-font-size: 14px;\n--wpforms-label-size-sublabel-line-height: 17px;\n--wpforms-button-size-font-size: 17px;\n--wpforms-button-size-height: 41px;\n--wpforms-button-size-padding-h: 15px;\n--wpforms-button-size-margin-top: 10px;\n--wpforms-container-shadow-size-box-shadow: none;\n\n\t\t\t\t}\n\t\t\t<\/style><style id=\"wpforms-css-vars-elementor-widget-df1c37b\">\n\t\t\t\t.elementor-widget-wpforms.elementor-element-df1c37b {\n\t\t\t\t\t--wpforms-field-size-input-height: 43px;\n--wpforms-field-size-input-spacing: 15px;\n--wpforms-field-size-font-size: 16px;\n--wpforms-field-size-line-height: 19px;\n--wpforms-field-size-padding-h: 14px;\n--wpforms-field-size-checkbox-size: 16px;\n--wpforms-field-size-sublabel-spacing: 5px;\n--wpforms-field-size-icon-size: 1;\n--wpforms-label-size-font-size: 16px;\n--wpforms-label-size-line-height: 19px;\n--wpforms-label-size-sublabel-font-size: 14px;\n--wpforms-label-size-sublabel-line-height: 17px;\n--wpforms-button-size-font-size: 17px;\n--wpforms-button-size-height: 41px;\n--wpforms-button-size-padding-h: 15px;\n--wpforms-button-size-margin-top: 10px;\n\n\t\t\t\t}\n\t\t\t<\/style><div class=\"wpforms-container wpforms-container-full wpforms-render-modern\" id=\"wpforms-16427\"><form id=\"wpforms-form-16427\" class=\"wpforms-validate wpforms-form wpforms-ajax-form\" data-formid=\"16427\" method=\"post\" enctype=\"multipart\/form-data\" action=\"\/wp-json\/wp\/v2\/pages\/15681\" data-token=\"c6dbfc83669d3b2d9054f2ef7ae88930\" data-token-time=\"1777707465\" data-trp-original-action=\"\/en\/wp-json\/wp\/v2\/pages\/15681\"><noscript class=\"wpforms-error-noscript\">Please enable JavaScript in your browser to complete this form.<\/noscript><div class=\"wpforms-hidden\" id=\"wpforms-error-noscript\">Please enable JavaScript in your browser to complete this form.<\/div><div class=\"wpforms-field-container\"><div id=\"wpforms-16427-field_2-container\" class=\"wpforms-field wpforms-field-email\" data-field-id=\"2\"><label class=\"wpforms-field-label wpforms-label-hide\" for=\"wpforms-16427-field_2\" aria-hidden=\"false\">E-mail <span class=\"wpforms-required-label\" aria-hidden=\"true\">*<\/span><\/label><input type=\"email\" id=\"wpforms-16427-field_2\" class=\"wpforms-field-large wpforms-field-required\" name=\"wpforms[fields][2]\" placeholder=\"Enter your email address\" spellcheck=\"false\" aria-errormessage=\"wpforms-16427-field_2-error\" required><\/div><\/div><!-- .wpforms-field-container --><div class=\"wpforms-submit-container\" ><input type=\"hidden\" name=\"wpforms[id]\" value=\"16427\"><input type=\"hidden\" name=\"page_title\" value=\"\"><input type=\"hidden\" name=\"page_url\" value=\"http:\/\/qsm-consulting.ma\/en\/wp-json\/wp\/v2\/pages\/15681\"><button type=\"submit\" name=\"wpforms[submit]\" id=\"wpforms-submit-16427\" class=\"wpforms-submit\" data-alt-text=\"Envoi...\" data-submit-text=\"S&#039;abonner\" aria-live=\"assertive\" value=\"wpforms-submit\">Subscribe<\/button><img decoding=\"async\" src=\"http:\/\/qsm-consulting.ma\/wp-content\/plugins\/wpforms\/assets\/images\/submit-spin.svg\" class=\"wpforms-submit-spinner\" style=\"display: none;\" width=\"26\" height=\"26\" alt=\"Loading\"><\/div><input type=\"hidden\" name=\"trp-form-language\" value=\"en\"\/><\/form><\/div>  <!-- .wpforms-container -->\t\t\t\t<\/div>\n\t\t\t\t<\/div>\n\t\t\t\t<\/div>\n\t\t\t\t<\/div>\n\t\t\t\t<\/div>","protected":false},"excerpt":{"rendered":"<p>En mati\u00e8re de formation, le cabinet QSM Consulting intervient essentiellement dans les domaines suivants : \u2192 Le management portuaire ;\u2192 La gestion budg\u00e9taire, contr\u00f4le de gestion, gestion de la performance et l\u2019optimisation des co\u00fbts ;\u2192 La gestion comptable et fiscale ;\u2192 La gestion des appels d\u2019offres et des march\u00e9s ;\u2192 L\u2019audit des appels d\u2019offres et des march\u00e9s ;\u2192 Le management de la qualit\u00e9 ;\u2192 La gestion des projets. Newsletter Abonnez \u00e0 notre Newsletter Recevez des ressources et des outils qui peuvent vous aider \u00e0 pr\u00e9parer l\u2019avenir. Vous pouvez annuler \u00e0 tout moment. Veuillez activer JavaScript dans votre navigateur pour remplir ce formulaire.Veuillez activer JavaScript dans votre navigateur pour remplir ce formulaire.E-mail * S&#039;abonner<\/p>","protected":false},"author":1,"featured_media":0,"parent":13511,"menu_order":0,"comment_status":"closed","ping_status":"closed","template":"elementor_header_footer","meta":{"_acf_changed":false,"footnotes":""},"class_list":["post-15681","page","type-page","status-publish","hentry"],"acf":[],"_links":{"self":[{"href":"http:\/\/qsm-consulting.ma\/en\/wp-json\/wp\/v2\/pages\/15681","targetHints":{"allow":["GET"]}}],"collection":[{"href":"http:\/\/qsm-consulting.ma\/en\/wp-json\/wp\/v2\/pages"}],"about":[{"href":"http:\/\/qsm-consulting.ma\/en\/wp-json\/wp\/v2\/types\/page"}],"author":[{"embeddable":true,"href":"http:\/\/qsm-consulting.ma\/en\/wp-json\/wp\/v2\/users\/1"}],"replies":[{"embeddable":true,"href":"http:\/\/qsm-consulting.ma\/en\/wp-json\/wp\/v2\/comments?post=15681"}],"version-history":[{"count":41,"href":"http:\/\/qsm-consulting.ma\/en\/wp-json\/wp\/v2\/pages\/15681\/revisions"}],"predecessor-version":[{"id":16533,"href":"http:\/\/qsm-consulting.ma\/en\/wp-json\/wp\/v2\/pages\/15681\/revisions\/16533"}],"up":[{"embeddable":true,"href":"http:\/\/qsm-consulting.ma\/en\/wp-json\/wp\/v2\/pages\/13511"}],"wp:attachment":[{"href":"http:\/\/qsm-consulting.ma\/en\/wp-json\/wp\/v2\/media?parent=15681"}],"curies":[{"name":"wp","href":"https:\/\/api.w.org\/{rel}","templated":true}]}}