{"id":13985,"date":"2024-11-20T18:53:52","date_gmt":"2024-11-20T18:53:52","guid":{"rendered":"https:\/\/qsm.agece47.ma\/?page_id=13985"},"modified":"2025-01-08T09:10:17","modified_gmt":"2025-01-08T09:10:17","slug":"associes","status":"publish","type":"page","link":"http:\/\/qsm-consulting.ma\/en\/associes\/","title":{"rendered":"Partners"},"content":{"rendered":"<div data-elementor-type=\"wp-page\" data-elementor-id=\"13985\" class=\"elementor elementor-13985\" data-elementor-post-type=\"page\">\n\t\t\t\t<div class=\"elementor-element elementor-element-0af8e49 e-con-full e-flex wpr-particle-no wpr-jarallax-no wpr-parallax-no wpr-sticky-section-no e-con e-parent\" data-id=\"0af8e49\" data-element_type=\"container\">\n\t\t\t\t<div class=\"elementor-element elementor-element-9f3211f elementor-widget__width-inherit elementor-widget elementor-widget-rainbow-title\" data-id=\"9f3211f\" data-element_type=\"widget\" data-widget_type=\"rainbow-title.default\">\n\t\t\t\t<div class=\"elementor-widget-container\">\n\t\t\t\t\t<div class=\"\">\r\n    <div class=\"section-title text-center\">\r\n                            <h2 class=\"title w-600\">\r\n            THE ASSOCIATES         \r\n            <span class=\"color-primary\"><\/span>\r\n                        <\/h2>\r\n                            <p class=\"description has-medium-font-size mt--20\">In-depth knowledge of people and the relational posture to adopt to link development and performance within teams.<\/p>\r\n                \r\n    <\/div>\r\n<\/div>\t\t\t\t<\/div>\n\t\t\t\t<\/div>\n\t\t\t\t<\/div>\n\t\t<div class=\"elementor-element elementor-element-0ebdfc8 e-flex e-con-boxed wpr-particle-no wpr-jarallax-no wpr-parallax-no wpr-sticky-section-no e-con e-parent\" data-id=\"0ebdfc8\" data-element_type=\"container\">\n\t\t\t\t\t<div class=\"e-con-inner\">\n\t\t<div class=\"elementor-element elementor-element-54ec2c1 e-con-full e-flex wpr-particle-no wpr-jarallax-no wpr-parallax-no wpr-sticky-section-no e-con e-child\" data-id=\"54ec2c1\" data-element_type=\"container\">\n\t\t\t\t<div class=\"elementor-element elementor-element-5a7a61c elementor-widget__width-initial elementor-widget elementor-widget-image\" data-id=\"5a7a61c\" data-element_type=\"widget\" data-widget_type=\"image.default\">\n\t\t\t\t<div class=\"elementor-widget-container\">\n\t\t\t\t\t\t\t\t\t\t\t\t\t\t\t<img fetchpriority=\"high\" decoding=\"async\" width=\"240\" height=\"310\" src=\"https:\/\/qsm-consulting.ma\/wp-content\/uploads\/2024\/12\/DRISS-LACHHAB.webp\" class=\"attachment-full size-full wp-image-14897\" alt=\"\" srcset=\"https:\/\/qsm-consulting.ma\/wp-content\/uploads\/2024\/12\/DRISS-LACHHAB.webp 240w, https:\/\/qsm-consulting.ma\/wp-content\/uploads\/2024\/12\/DRISS-LACHHAB-232x300.webp 232w, https:\/\/qsm-consulting.ma\/wp-content\/uploads\/2024\/12\/DRISS-LACHHAB-9x12.webp 9w\" sizes=\"(max-width: 240px) 100vw, 240px\" \/>\t\t\t\t\t\t\t\t\t\t\t\t\t\t\t<\/div>\n\t\t\t\t<\/div>\n\t\t\t\t<\/div>\n\t\t<div class=\"elementor-element elementor-element-7f54024 e-con-full e-flex wpr-particle-no wpr-jarallax-no wpr-parallax-no wpr-sticky-section-no e-con e-child\" data-id=\"7f54024\" data-element_type=\"container\">\n\t\t\t\t<div class=\"elementor-element elementor-element-a8202db elementor-widget elementor-widget-text-editor\" data-id=\"a8202db\" data-element_type=\"widget\" data-widget_type=\"text-editor.default\">\n\t\t\t\t<div class=\"elementor-widget-container\">\n\t\t\t\t\t\t\t\t\t<div class=\"author-info\"><h4 class=\"title\">DRISS LACHHAB<\/h4><p><span class=\"designation theme-gradient\">Mastery of the culture of Moroccan businesses and institutions<\/span><\/p><p><span class=\"team-form\"><i class=\"feather-map-pin\"><\/i>\u00a0<span class=\"location\">Casablanca \u2013 Morocco<\/span><\/span><\/p><p>40 years of experience<\/p><\/div><p>Management expertise, Port Management, Strategic Planning, Organization and Financial Planning, Accounting and Budgeting, Information and Steering System, Purchasing, Training.<\/p><ul class=\"rbt-information-list mt--25\"><li><a href=\"tel:0661-915614\"><i class=\"feather-phone\"><\/i>0661-915614<\/a><\/li><li><a href=\"mailto:driss.lachhab@qsm-consulting.ma\"><i class=\"feather-mail\"><\/i>driss.lachhab@qsm-consulting.ma<\/a><\/li><\/ul>\t\t\t\t\t\t\t\t<\/div>\n\t\t\t\t<\/div>\n\t\t\t\t<\/div>\n\t\t\t\t\t<\/div>\n\t\t\t\t<\/div>\n\t\t<div class=\"elementor-element elementor-element-87af414 e-flex e-con-boxed wpr-particle-no wpr-jarallax-no wpr-parallax-no wpr-sticky-section-no e-con e-parent\" data-id=\"87af414\" data-element_type=\"container\">\n\t\t\t\t\t<div class=\"e-con-inner\">\n\t\t\t\t<div class=\"elementor-element elementor-element-508c2b7 elementor-widget-divider--view-line elementor-widget elementor-widget-divider\" data-id=\"508c2b7\" data-element_type=\"widget\" data-widget_type=\"divider.default\">\n\t\t\t\t<div class=\"elementor-widget-container\">\n\t\t\t\t\t\t\t<div class=\"elementor-divider\">\n\t\t\t<span class=\"elementor-divider-separator\">\n\t\t\t\t\t\t<\/span>\n\t\t<\/div>\n\t\t\t\t\t\t<\/div>\n\t\t\t\t<\/div>\n\t\t\t\t\t<\/div>\n\t\t\t\t<\/div>\n\t\t<div class=\"elementor-element elementor-element-46e08a5 e-flex e-con-boxed wpr-particle-no wpr-jarallax-no wpr-parallax-no wpr-sticky-section-no e-con e-parent\" data-id=\"46e08a5\" data-element_type=\"container\">\n\t\t\t\t\t<div class=\"e-con-inner\">\n\t\t<div class=\"elementor-element elementor-element-9028268 e-con-full e-flex wpr-particle-no wpr-jarallax-no wpr-parallax-no wpr-sticky-section-no e-con e-child\" data-id=\"9028268\" data-element_type=\"container\">\n\t\t\t\t<div class=\"elementor-element elementor-element-aced354 elementor-widget__width-initial elementor-widget elementor-widget-image\" data-id=\"aced354\" data-element_type=\"widget\" data-widget_type=\"image.default\">\n\t\t\t\t<div class=\"elementor-widget-container\">\n\t\t\t\t\t\t\t\t\t\t\t\t\t\t\t<img decoding=\"async\" width=\"305\" height=\"392\" src=\"https:\/\/qsm-consulting.ma\/wp-content\/uploads\/2024\/12\/JAMAL-ELOUARCHI.webp\" class=\"attachment-full size-full wp-image-14896\" alt=\"\" srcset=\"https:\/\/qsm-consulting.ma\/wp-content\/uploads\/2024\/12\/JAMAL-ELOUARCHI.webp 305w, https:\/\/qsm-consulting.ma\/wp-content\/uploads\/2024\/12\/JAMAL-ELOUARCHI-233x300.webp 233w, https:\/\/qsm-consulting.ma\/wp-content\/uploads\/2024\/12\/JAMAL-ELOUARCHI-9x12.webp 9w\" sizes=\"(max-width: 305px) 100vw, 305px\" \/>\t\t\t\t\t\t\t\t\t\t\t\t\t\t\t<\/div>\n\t\t\t\t<\/div>\n\t\t\t\t<\/div>\n\t\t<div class=\"elementor-element elementor-element-9d1661a e-con-full e-flex wpr-particle-no wpr-jarallax-no wpr-parallax-no wpr-sticky-section-no e-con e-child\" data-id=\"9d1661a\" data-element_type=\"container\">\n\t\t\t\t<div class=\"elementor-element elementor-element-315c5d0 elementor-widget elementor-widget-text-editor\" data-id=\"315c5d0\" data-element_type=\"widget\" data-widget_type=\"text-editor.default\">\n\t\t\t\t<div class=\"elementor-widget-container\">\n\t\t\t\t\t\t\t\t\t<div class=\"author-info\"><h4 class=\"title\">JAMAL ELOUARCHI<\/h4><p><span class=\"designation theme-gradient\">In-depth knowledge of the cultures of public organizations<\/span><\/p><\/div><div>\u00a0<\/div><div class=\"author-info\"><span class=\"team-form\"><i class=\"feather-map-pin\"><\/i>\u00a0<span class=\"location\">Casablanca \u2013 Morocco<\/span><\/span><\/div><div>\u00a0<\/div><p>30 years of experience<br \/>Management Expertise, Port Management, Financial, Tax and Accounting Organization, Management Control, International Trade and Business Law.<\/p><ul class=\"rbt-information-list mt--25\"><li><a href=\"tel:0661-915706\"><i class=\"feather-phone\"><\/i>0661-915706<\/a><\/li><li><a href=\"mailto:Jamal.elouarchi@qsm-consulting.ma\"><i class=\"feather-mail\"><\/i>Jamal.elouarchi@qsm-consulting.ma<\/a><\/li><\/ul>\t\t\t\t\t\t\t\t<\/div>\n\t\t\t\t<\/div>\n\t\t\t\t<\/div>\n\t\t\t\t\t<\/div>\n\t\t\t\t<\/div>\n\t\t<div class=\"elementor-element elementor-element-5e0f0c5 e-con-full e-flex wpr-particle-no wpr-jarallax-no wpr-parallax-no wpr-sticky-section-no e-con e-parent\" data-id=\"5e0f0c5\" data-element_type=\"container\">\n\t\t<div class=\"elementor-element elementor-element-b937b83 e-con-full e-flex wpr-particle-no wpr-jarallax-no wpr-parallax-no wpr-sticky-section-no e-con e-child\" data-id=\"b937b83\" data-element_type=\"container\" data-settings=\"{&quot;background_background&quot;:&quot;classic&quot;}\">\n\t\t\t\t<div class=\"elementor-element elementor-element-76dcafb elementor-widget elementor-widget-rainbow-title\" data-id=\"76dcafb\" data-element_type=\"widget\" data-widget_type=\"rainbow-title.default\">\n\t\t\t\t<div class=\"elementor-widget-container\">\n\t\t\t\t\t<div class=\"\">\r\n    <div class=\"section-title text-center\">\r\n                    <span class=\"subtitle  bg-primary-opacity\">Newsletter<\/span>\r\n                            <h2 class=\"title w-600\">\r\n            Subscribe to our Newsletter         \r\n            <span class=\"color-primary\"><\/span>\r\n                        <\/h2>\r\n                        \r\n    <\/div>\r\n<\/div>\t\t\t\t<\/div>\n\t\t\t\t<\/div>\n\t\t\t\t<div class=\"elementor-element elementor-element-d908a42 elementor-widget elementor-widget-text-editor\" data-id=\"d908a42\" data-element_type=\"widget\" data-widget_type=\"text-editor.default\">\n\t\t\t\t<div class=\"elementor-widget-container\">\n\t\t\t\t\t\t\t\t\t<p>Receive resources and tools that can help you prepare for the future. You can cancel at any time.<\/p>\t\t\t\t\t\t\t\t<\/div>\n\t\t\t\t<\/div>\n\t\t\t\t<div class=\"elementor-element elementor-element-af8fbe0 elementor-widget elementor-widget-wpforms\" data-id=\"af8fbe0\" data-element_type=\"widget\" data-widget_type=\"wpforms.default\">\n\t\t\t\t<div class=\"elementor-widget-container\">\n\t\t\t\t\t<style id=\"wpforms-css-vars-root\">\n\t\t\t\t:root {\n\t\t\t\t\t--wpforms-field-border-radius: 3px;\n--wpforms-field-border-style: solid;\n--wpforms-field-border-size: 1px;\n--wpforms-field-background-color: #ffffff;\n--wpforms-field-border-color: rgba( 0, 0, 0, 0.25 );\n--wpforms-field-border-color-spare: rgba( 0, 0, 0, 0.25 );\n--wpforms-field-text-color: rgba( 0, 0, 0, 0.7 );\n--wpforms-field-menu-color: #ffffff;\n--wpforms-label-color: rgba( 0, 0, 0, 0.85 );\n--wpforms-label-sublabel-color: rgba( 0, 0, 0, 0.55 );\n--wpforms-label-error-color: #d63637;\n--wpforms-button-border-radius: 3px;\n--wpforms-button-border-style: none;\n--wpforms-button-border-size: 1px;\n--wpforms-button-background-color: #066aab;\n--wpforms-button-border-color: #066aab;\n--wpforms-button-text-color: #ffffff;\n--wpforms-page-break-color: #066aab;\n--wpforms-background-image: none;\n--wpforms-background-position: center center;\n--wpforms-background-repeat: no-repeat;\n--wpforms-background-size: cover;\n--wpforms-background-width: 100px;\n--wpforms-background-height: 100px;\n--wpforms-background-color: rgba( 0, 0, 0, 0 );\n--wpforms-background-url: none;\n--wpforms-container-padding: 0px;\n--wpforms-container-border-style: none;\n--wpforms-container-border-width: 1px;\n--wpforms-container-border-color: #000000;\n--wpforms-container-border-radius: 3px;\n--wpforms-field-size-input-height: 43px;\n--wpforms-field-size-input-spacing: 15px;\n--wpforms-field-size-font-size: 16px;\n--wpforms-field-size-line-height: 19px;\n--wpforms-field-size-padding-h: 14px;\n--wpforms-field-size-checkbox-size: 16px;\n--wpforms-field-size-sublabel-spacing: 5px;\n--wpforms-field-size-icon-size: 1;\n--wpforms-label-size-font-size: 16px;\n--wpforms-label-size-line-height: 19px;\n--wpforms-label-size-sublabel-font-size: 14px;\n--wpforms-label-size-sublabel-line-height: 17px;\n--wpforms-button-size-font-size: 17px;\n--wpforms-button-size-height: 41px;\n--wpforms-button-size-padding-h: 15px;\n--wpforms-button-size-margin-top: 10px;\n--wpforms-container-shadow-size-box-shadow: none;\n\n\t\t\t\t}\n\t\t\t<\/style><style id=\"wpforms-css-vars-elementor-widget-af8fbe0\">\n\t\t\t\t.elementor-widget-wpforms.elementor-element-af8fbe0 {\n\t\t\t\t\t--wpforms-field-size-input-height: 43px;\n--wpforms-field-size-input-spacing: 15px;\n--wpforms-field-size-font-size: 16px;\n--wpforms-field-size-line-height: 19px;\n--wpforms-field-size-padding-h: 14px;\n--wpforms-field-size-checkbox-size: 16px;\n--wpforms-field-size-sublabel-spacing: 5px;\n--wpforms-field-size-icon-size: 1;\n--wpforms-label-size-font-size: 16px;\n--wpforms-label-size-line-height: 19px;\n--wpforms-label-size-sublabel-font-size: 14px;\n--wpforms-label-size-sublabel-line-height: 17px;\n--wpforms-button-size-font-size: 17px;\n--wpforms-button-size-height: 41px;\n--wpforms-button-size-padding-h: 15px;\n--wpforms-button-size-margin-top: 10px;\n\n\t\t\t\t}\n\t\t\t<\/style><div class=\"wpforms-container wpforms-container-full wpforms-render-modern\" id=\"wpforms-16427\"><form id=\"wpforms-form-16427\" class=\"wpforms-validate wpforms-form wpforms-ajax-form\" data-formid=\"16427\" method=\"post\" enctype=\"multipart\/form-data\" action=\"\/wp-json\/wp\/v2\/pages\/13985\" data-token=\"b0f9f42dafb9730192cb2de98e7e2c2f\" data-token-time=\"1776596365\" data-trp-original-action=\"\/en\/wp-json\/wp\/v2\/pages\/13985\"><noscript class=\"wpforms-error-noscript\">Please enable JavaScript in your browser to complete this form.<\/noscript><div class=\"wpforms-hidden\" id=\"wpforms-error-noscript\">Please enable JavaScript in your browser to complete this form.<\/div><div class=\"wpforms-field-container\"><div id=\"wpforms-16427-field_2-container\" class=\"wpforms-field wpforms-field-email\" data-field-id=\"2\"><label class=\"wpforms-field-label wpforms-label-hide\" for=\"wpforms-16427-field_2\" aria-hidden=\"false\">E-mail <span class=\"wpforms-required-label\" aria-hidden=\"true\">*<\/span><\/label><input type=\"email\" id=\"wpforms-16427-field_2\" class=\"wpforms-field-large wpforms-field-required\" name=\"wpforms[fields][2]\" placeholder=\"Enter your email address\" spellcheck=\"false\" aria-errormessage=\"wpforms-16427-field_2-error\" required><\/div><\/div><!-- .wpforms-field-container --><div class=\"wpforms-submit-container\" ><input type=\"hidden\" name=\"wpforms[id]\" value=\"16427\"><input type=\"hidden\" name=\"page_title\" value=\"\"><input type=\"hidden\" name=\"page_url\" value=\"http:\/\/qsm-consulting.ma\/en\/wp-json\/wp\/v2\/pages\/13985\"><button type=\"submit\" name=\"wpforms[submit]\" id=\"wpforms-submit-16427\" class=\"wpforms-submit\" data-alt-text=\"Envoi...\" data-submit-text=\"S&#039;abonner\" aria-live=\"assertive\" value=\"wpforms-submit\">Subscribe<\/button><img decoding=\"async\" src=\"http:\/\/qsm-consulting.ma\/wp-content\/plugins\/wpforms\/assets\/images\/submit-spin.svg\" class=\"wpforms-submit-spinner\" style=\"display: none;\" width=\"26\" height=\"26\" alt=\"Loading\"><\/div><input type=\"hidden\" name=\"trp-form-language\" value=\"en\"\/><\/form><\/div>  <!-- .wpforms-container -->\t\t\t\t<\/div>\n\t\t\t\t<\/div>\n\t\t\t\t<\/div>\n\t\t\t\t<\/div>\n\t\t\t\t<\/div>","protected":false},"excerpt":{"rendered":"<p>LES ASSOCI\u00c9S Connaissance approfondie de l&#8217;Humain, de la posture relationnelle \u00e0 avoir pour relier \u00e9panouissement et performance aupr\u00e8s des \u00e9quipes. DRISS LACHHAB Ma\u00eetrise de la culture des entreprises et institutions marocaines \u00a0Casablanca &#8211; Maroc 40 ans d\u2019Exp\u00e9rience Expertise de dirigeant, Management Portuaire, Planification Strat\u00e9gique, Organisation et Planification Financi\u00e8re, Comptable et Budg\u00e9taire, Syst\u00e8me d\u2019Information et de Pilotage, Achats, Formation. 0661-915614 driss.lachhab@qsm-consulting.ma JAMAL ELOUARCHI Connaissance approfondie des cultures des organisations publiques \u00a0\u00a0Casablanca &#8211; Maroc\u00a0 30 ans d\u2019Exp\u00e9rienceExpertise de Dirigeant, Management Portuaire, Organisation Financi\u00e8re, Fiscale et Comptable, Contr\u00f4le de Gestion, Commerce International et Droit des Affaires. 0661-915706 Jamal.elouarchi@qsm-consulting.ma Newsletter Abonnez \u00e0 notre Newsletter Recevez des ressources et des outils qui peuvent vous aider \u00e0 pr\u00e9parer l\u2019avenir. Vous pouvez annuler \u00e0 tout moment. Veuillez activer JavaScript dans votre navigateur pour remplir ce formulaire.Veuillez activer JavaScript dans votre navigateur pour remplir ce formulaire.E-mail * S&#039;abonner<\/p>","protected":false},"author":1,"featured_media":0,"parent":0,"menu_order":0,"comment_status":"closed","ping_status":"closed","template":"elementor_header_footer","meta":{"_acf_changed":false,"footnotes":""},"class_list":["post-13985","page","type-page","status-publish","hentry"],"acf":[],"_links":{"self":[{"href":"http:\/\/qsm-consulting.ma\/en\/wp-json\/wp\/v2\/pages\/13985","targetHints":{"allow":["GET"]}}],"collection":[{"href":"http:\/\/qsm-consulting.ma\/en\/wp-json\/wp\/v2\/pages"}],"about":[{"href":"http:\/\/qsm-consulting.ma\/en\/wp-json\/wp\/v2\/types\/page"}],"author":[{"embeddable":true,"href":"http:\/\/qsm-consulting.ma\/en\/wp-json\/wp\/v2\/users\/1"}],"replies":[{"embeddable":true,"href":"http:\/\/qsm-consulting.ma\/en\/wp-json\/wp\/v2\/comments?post=13985"}],"version-history":[{"count":107,"href":"http:\/\/qsm-consulting.ma\/en\/wp-json\/wp\/v2\/pages\/13985\/revisions"}],"predecessor-version":[{"id":16490,"href":"http:\/\/qsm-consulting.ma\/en\/wp-json\/wp\/v2\/pages\/13985\/revisions\/16490"}],"wp:attachment":[{"href":"http:\/\/qsm-consulting.ma\/en\/wp-json\/wp\/v2\/media?parent=13985"}],"curies":[{"name":"wp","href":"https:\/\/api.w.org\/{rel}","templated":true}]}}